{"id":5295,"date":"2025-08-01T13:49:26","date_gmt":"2025-08-01T13:49:26","guid":{"rendered":"https:\/\/aedenlife-ruegen.com\/offers\/"},"modified":"2026-02-02T15:49:43","modified_gmt":"2026-02-02T15:49:43","slug":"offers","status":"publish","type":"page","link":"https:\/\/aedenlife-ruegen.com\/en\/offers\/","title":{"rendered":"Offers"},"content":{"rendered":"<p>[et_pb_section fb_built=&#8221;1&#8243; specialty=&#8221;on&#8221; padding_top_1=&#8221;0px&#8221; padding_top_bottom_link_1=&#8221;false&#8221; padding_left_right_link_1=&#8221;false&#8221; admin_label=&#8221;Header&#8221; _builder_version=&#8221;4.27.4&#8243; _module_preset=&#8221;default&#8221; background_enable_color=&#8221;off&#8221; background_image=&#8221;https:\/\/aedenlife-ruegen.com\/wp-content\/uploads\/2025\/11\/angebote-header-image-scaled.jpg&#8221; min_height_tablet=&#8221;700px&#8221; min_height_phone=&#8221;700px&#8221; min_height_last_edited=&#8221;off|desktop&#8221; custom_padding=&#8221;10vw||||false|false&#8221; bottom_divider_height=&#8221;0.6vw&#8221; bottom_divider_repeat=&#8221;70x&#8221; background_last_edited=&#8221;off|desktop&#8221; background_color_gradient_stops_tablet=&#8221;#3b342f 7%|rgba(59,52,47,0.68) 7%&#8221; background_color_gradient_start_position_tablet=&#8221;7%&#8221; background_color_gradient_end_position_tablet=&#8221;7%&#8221; locked=&#8221;off&#8221; global_colors_info=&#8221;{}&#8221;][et_pb_column type=&#8221;1_2&#8243; _builder_version=&#8221;4.16&#8243; custom_padding=&#8221;|||&#8221; global_colors_info=&#8221;{}&#8221; custom_padding__hover=&#8221;|||&#8221;][et_pb_code _builder_version=&#8221;4.27.4&#8243; _module_preset=&#8221;default&#8221; custom_padding=&#8221;20%||20%||true|false&#8221; global_colors_info=&#8221;{}&#8221;][\/et_pb_code][\/et_pb_column][et_pb_column type=&#8221;1_2&#8243; specialty_columns=&#8221;2&#8243; _builder_version=&#8221;4.16&#8243; custom_padding=&#8221;|||&#8221; global_colors_info=&#8221;{}&#8221; custom_padding__hover=&#8221;|||&#8221;][\/et_pb_column][\/et_pb_section][et_pb_section fb_built=&#8221;1&#8243; admin_label=&#8221;H1 Teaser&#8221; _builder_version=&#8221;4.27.4&#8243; _module_preset=&#8221;c76e071d-b3e5-447a-8aa9-3df7f257a5af&#8221; locked=&#8221;off&#8221; collapsed=&#8221;off&#8221; global_colors_info=&#8221;{}&#8221;][et_pb_row custom_padding_last_edited=&#8221;on|phone&#8221; _builder_version=&#8221;4.27.4&#8243; _module_preset=&#8221;default&#8221; width_tablet=&#8221;90%&#8221; width_phone=&#8221;90%&#8221; width_last_edited=&#8221;on|desktop&#8221; max_width=&#8221;1600px&#8221; custom_padding=&#8221;0px||0px||true|false&#8221; custom_padding_tablet=&#8221;0px||0px||true|false&#8221; custom_padding_phone=&#8221;0px||||false|false&#8221; global_colors_info=&#8221;{}&#8221;][et_pb_column type=&#8221;4_4&#8243; _builder_version=&#8221;4.27.4&#8243; _module_preset=&#8221;default&#8221; global_colors_info=&#8221;{}&#8221;][et_pb_text _builder_version=&#8221;4.27.4&#8243; _module_preset=&#8221;17aa47f9-1791-4ef5-8c6e-2067ce530fd2&#8243; text_orientation=&#8221;center&#8221; custom_margin_phone=&#8221;-3vw||6vw||false|false&#8221; global_colors_info=&#8221;{}&#8221;]<\/p>\n<p><span data-metadata=\"&lt;!--(figmeta)eyJmaWxlS2V5IjoiZDc3dzc4bE1rVEE4eXdtaG4zVmI5bSIsInBhc3RlSUQiOjExMzIyMjM4MDIsImRhdGFUeXBlIjoic2NlbmUifQo=(\/figmeta)--&gt;\"><\/span>Offers<\/p>\n<p>[\/et_pb_text][et_pb_heading title=&#8221;Aedenlife hotel offers on R\u00fcgen&#8221; _builder_version=&#8221;4.27.4&#8243; _module_preset=&#8221;07c807f5-30a2-466c-bd49-e9a777215f15&#8243; global_colors_info=&#8221;{}&#8221;][\/et_pb_heading][et_pb_text _builder_version=&#8221;4.27.4&#8243; _module_preset=&#8221;a1bebcce-26b7-401b-bde8-72bfa10e960b&#8221; text_orientation=&#8221;center&#8221; width=&#8221;70%&#8221; width_tablet=&#8221;&#8221; width_phone=&#8221;100%&#8221; width_last_edited=&#8221;on|phone&#8221; module_alignment=&#8221;center&#8221; module_alignment_tablet=&#8221;center&#8221; module_alignment_phone=&#8221;center&#8221; module_alignment_last_edited=&#8221;on|desktop&#8221; global_colors_info=&#8221;{}&#8221;]<\/p>\n<p>At Aedenlife, we make unique experiences possible and create your very own personal getaway. Whether it&#8217;s a romantic getaway for two, a family holiday, discovering R\u00fcgen through sport, culinary delights or pure relaxation: we create special hotel offers and moments for you in our hotel that will stay with you long after you return to everyday life. <\/p>\n<p>[\/et_pb_text][et_pb_icon font_icon=&#8221;&#x37;||divi||400&#8243; _builder_version=&#8221;4.27.4&#8243; _module_preset=&#8221;a1264cde-02c4-43b0-9644-2c0ea0ae1cfb&#8221; global_colors_info=&#8221;{}&#8221;][\/et_pb_icon][\/et_pb_column][\/et_pb_row][\/et_pb_section][et_pb_section fb_built=&#8221;1&#8243; custom_padding_last_edited=&#8221;on|phone&#8221; admin_label=&#8221;Events 3 Spalten&#8221; _builder_version=&#8221;4.27.4&#8243; _module_preset=&#8221;default&#8221; background_color=&#8221;RGBA(255,255,255,0)&#8221; background_enable_image=&#8221;off&#8221; custom_margin=&#8221;0px||||false|false&#8221; custom_margin_tablet=&#8221;0px||||false|false&#8221; custom_margin_phone=&#8221;0px||||false|false&#8221; custom_margin_last_edited=&#8221;on|tablet&#8221; custom_padding=&#8221;0px||6vw||false|false&#8221; custom_padding_tablet=&#8221;0px||12vw||false|false&#8221; custom_padding_phone=&#8221;0px||6vw||false|false&#8221; scroll_vertical_motion=&#8221;0|50|50|100|2.5|0|-2.5&#8243; scroll_vertical_motion_tablet=&#8221;0|50|50|100|1|0|-1&#8243; scroll_vertical_motion_phone=&#8221;0|50|50|100|0|0|0&#8243; scroll_vertical_motion_last_edited=&#8221;on|tablet&#8221; locked=&#8221;off&#8221; collapsed=&#8221;on&#8221; global_colors_info=&#8221;{}&#8221;][et_pb_row _builder_version=&#8221;4.27.4&#8243; _module_preset=&#8221;default&#8221; width=&#8221;100%&#8221; width_tablet=&#8221;90%&#8221; width_phone=&#8221;90%&#8221; width_last_edited=&#8221;on|phone&#8221; max_width=&#8221;1600px&#8221; min_height=&#8221;95.6px&#8221; custom_margin=&#8221;||||false|false&#8221; custom_padding=&#8221;0px||0px||false|false&#8221; locked=&#8221;off&#8221; global_colors_info=&#8221;{}&#8221;][et_pb_column type=&#8221;4_4&#8243; _builder_version=&#8221;4.27.2&#8243; _module_preset=&#8221;default&#8221; global_colors_info=&#8221;{}&#8221;][et_pb_heading title=&#8221;Seasonal offers &amp; specials&#8221; _builder_version=&#8221;4.27.4&#8243; _module_preset=&#8221;f5eead34-ecd1-47b6-b936-72bf5a4138f6&#8243; title_text_align=&#8221;center&#8221; custom_margin_phone=&#8221;||4vw||false|false&#8221; title_text_align_tablet=&#8221;center&#8221; title_text_align_last_edited=&#8221;off|phone&#8221; global_colors_info=&#8221;{}&#8221;][\/et_pb_heading][\/et_pb_column][\/et_pb_row][et_pb_row use_custom_gutter=&#8221;on&#8221; gutter_width=&#8221;2&#8243; make_equal=&#8221;on&#8221; custom_padding_last_edited=&#8221;on|tablet&#8221; module_class=&#8221;services-presentation&#8221; _builder_version=&#8221;4.27.4&#8243; _module_preset=&#8221;7c810003-92a3-4448-9065-5055661351b4&#8243; width_tablet=&#8221;90%&#8221; width_phone=&#8221;90%&#8221; width_last_edited=&#8221;on|tablet&#8221; max_width=&#8221;1600px&#8221; custom_padding_tablet=&#8221;0px||0px||false|false&#8221; custom_padding_phone=&#8221;0px||0px||false|false&#8221; global_colors_info=&#8221;{}&#8221;][et_pb_column type=&#8221;4_4&#8243; _builder_version=&#8221;4.27.4&#8243; _module_preset=&#8221;_initial&#8221; global_colors_info=&#8221;{}&#8221;][et_pb_blog posts_number=&#8221;6&#8243; include_categories=&#8221;35&#8243; show_pagination=&#8221;on&#8221; _builder_version=&#8221;4.27.5&#8243; _module_preset=&#8221;58877359-148f-4b8d-8a4c-b9a666f153fb&#8221; pagination_font=&#8221;Jost|||on|||||&#8221; pagination_text_color=&#8221;#666666&#8243; pagination_font_size=&#8221;13.99px&#8221; pagination_letter_spacing=&#8221;2px&#8221; custom_margin_tablet=&#8221;0px||0px||true|false&#8221; custom_margin_phone=&#8221;0px||0px||true|false&#8221; custom_margin_last_edited=&#8221;on|tablet&#8221; custom_padding_tablet=&#8221;0px||0px||true|false&#8221; custom_padding_phone=&#8221;0px||0px||true|false&#8221; custom_padding_last_edited=&#8221;on|tablet&#8221; pagination_font_size_tablet=&#8221;13.99px&#8221; pagination_font_size_phone=&#8221;12px&#8221; pagination_font_size_last_edited=&#8221;on|phone&#8221; global_colors_info=&#8221;{%22gcid-f6c6db94-7a5b-4b34-be4a-09055d276df3%22:%91%22overlay_icon_color%22%93}&#8221;][\/et_pb_blog][\/et_pb_column][\/et_pb_row][\/et_pb_section]<\/p>\n","protected":false},"excerpt":{"rendered":"<p>OffersAt Aedenlife, we make unique experiences possible and create your very own personal getaway. Whether it&#8217;s a romantic getaway for two, a family holiday, discovering R\u00fcgen through sport, culinary delights or pure relaxation: we create special hotel offers and moments for you in our hotel that will stay with you long after you return to [&hellip;]<\/p>\n","protected":false},"author":2,"featured_media":0,"parent":0,"menu_order":0,"comment_status":"closed","ping_status":"closed","template":"","meta":{"_et_pb_use_builder":"on","_et_pb_old_content":"","_et_gb_content_width":"","inline_featured_image":false,"footnotes":""},"class_list":["post-5295","page","type-page","status-publish","hentry"],"yoast_head":"<!-- This site is optimized with the Yoast SEO plugin v27.4 - https:\/\/yoast.com\/product\/yoast-seo-wordpress\/ -->\n<title>Hotel offers &amp; specials | Aedenlife Hotel &amp; Resort R\u00fcgen<\/title>\n<meta name=\"description\" content=\"Discover offers at Hotel Aedenlife R\u00fcgen: seasonal specials with overnight stays make your holiday on R\u00fcgen unforgettable.\" \/>\n<meta name=\"robots\" content=\"noindex, follow, max-snippet:-1, max-image-preview:large, max-video-preview:-1\" \/>\n<meta property=\"og:locale\" content=\"en_US\" \/>\n<meta property=\"og:type\" content=\"article\" \/>\n<meta property=\"og:title\" content=\"Hotel offers &amp; specials | Aedenlife Hotel &amp; Resort R\u00fcgen\" \/>\n<meta property=\"og:description\" content=\"Discover offers at Hotel Aedenlife R\u00fcgen: seasonal specials with overnight stays make your holiday on R\u00fcgen unforgettable.\" \/>\n<meta property=\"og:url\" content=\"https:\/\/aedenlife-ruegen.com\/en\/offers\/\" \/>\n<meta property=\"og:site_name\" content=\"Aedenlife Hotel und Resort\" \/>\n<meta property=\"article:publisher\" content=\"https:\/\/www.facebook.com\/AEDENLIFE.Hotel.Resort.Ruegen\" \/>\n<meta property=\"article:modified_time\" content=\"2026-02-02T15:49:43+00:00\" \/>\n<meta name=\"twitter:card\" content=\"summary_large_image\" \/>\n<meta name=\"twitter:label1\" content=\"Est. reading time\" \/>\n\t<meta name=\"twitter:data1\" content=\"4 minutes\" \/>\n<script type=\"application\/ld+json\" class=\"yoast-schema-graph\">{\"@context\":\"https:\\\/\\\/schema.org\",\"@graph\":[{\"@type\":\"WebPage\",\"@id\":\"https:\\\/\\\/aedenlife-ruegen.com\\\/en\\\/offers\\\/\",\"url\":\"https:\\\/\\\/aedenlife-ruegen.com\\\/en\\\/offers\\\/\",\"name\":\"Hotel offers & specials | Aedenlife Hotel & Resort R\u00fcgen\",\"isPartOf\":{\"@id\":\"https:\\\/\\\/aedenlife-ruegen.com\\\/en\\\/#website\"},\"datePublished\":\"2025-08-01T13:49:26+00:00\",\"dateModified\":\"2026-02-02T15:49:43+00:00\",\"description\":\"Discover offers at Hotel Aedenlife R\u00fcgen: seasonal specials with overnight stays make your holiday on R\u00fcgen unforgettable.\",\"breadcrumb\":{\"@id\":\"https:\\\/\\\/aedenlife-ruegen.com\\\/en\\\/offers\\\/#breadcrumb\"},\"inLanguage\":\"en-US\",\"potentialAction\":[{\"@type\":\"ReadAction\",\"target\":[\"https:\\\/\\\/aedenlife-ruegen.com\\\/en\\\/offers\\\/\"]}]},{\"@type\":\"BreadcrumbList\",\"@id\":\"https:\\\/\\\/aedenlife-ruegen.com\\\/en\\\/offers\\\/#breadcrumb\",\"itemListElement\":[{\"@type\":\"ListItem\",\"position\":1,\"name\":\"Home\",\"item\":\"https:\\\/\\\/aedenlife-ruegen.com\\\/en\\\/beach-hotel-sylt\\\/\"},{\"@type\":\"ListItem\",\"position\":2,\"name\":\"Offers\"}]},{\"@type\":\"WebSite\",\"@id\":\"https:\\\/\\\/aedenlife-ruegen.com\\\/en\\\/#website\",\"url\":\"https:\\\/\\\/aedenlife-ruegen.com\\\/en\\\/\",\"name\":\"Aedenlife Hotel und Resort\",\"description\":\"\",\"publisher\":{\"@id\":\"https:\\\/\\\/aedenlife-ruegen.com\\\/en\\\/#organization\"},\"potentialAction\":[{\"@type\":\"SearchAction\",\"target\":{\"@type\":\"EntryPoint\",\"urlTemplate\":\"https:\\\/\\\/aedenlife-ruegen.com\\\/en\\\/?s={search_term_string}\"},\"query-input\":{\"@type\":\"PropertyValueSpecification\",\"valueRequired\":true,\"valueName\":\"search_term_string\"}}],\"inLanguage\":\"en-US\"},{\"@type\":\"Organization\",\"@id\":\"https:\\\/\\\/aedenlife-ruegen.com\\\/en\\\/#organization\",\"name\":\"Aedenlife Hotel und Resort\",\"url\":\"https:\\\/\\\/aedenlife-ruegen.com\\\/en\\\/\",\"logo\":{\"@type\":\"ImageObject\",\"inLanguage\":\"en-US\",\"@id\":\"https:\\\/\\\/aedenlife-ruegen.com\\\/en\\\/#\\\/schema\\\/logo\\\/image\\\/\",\"url\":\"https:\\\/\\\/aedenlife-ruegen.com\\\/wp-content\\\/uploads\\\/2025\\\/11\\\/aedenlife-logo-schwarz-desktop-01.svg\",\"contentUrl\":\"https:\\\/\\\/aedenlife-ruegen.com\\\/wp-content\\\/uploads\\\/2025\\\/11\\\/aedenlife-logo-schwarz-desktop-01.svg\",\"width\":\"1024\",\"height\":\"1024\",\"caption\":\"Aedenlife Hotel und Resort\"},\"image\":{\"@id\":\"https:\\\/\\\/aedenlife-ruegen.com\\\/en\\\/#\\\/schema\\\/logo\\\/image\\\/\"},\"sameAs\":[\"https:\\\/\\\/www.facebook.com\\\/AEDENLIFE.Hotel.Resort.Ruegen\",\"https:\\\/\\\/www.instagram.com\\\/aedenlife.hotel.resort.ruegen\\\/\"]}]}<\/script>\n<!-- \/ Yoast SEO plugin. -->","yoast_head_json":{"title":"Hotel offers & specials | Aedenlife Hotel & Resort R\u00fcgen","description":"Discover offers at Hotel Aedenlife R\u00fcgen: seasonal specials with overnight stays make your holiday on R\u00fcgen unforgettable.","robots":{"index":"noindex","follow":"follow","max-snippet":"max-snippet:-1","max-image-preview":"max-image-preview:large","max-video-preview":"max-video-preview:-1"},"og_locale":"en_US","og_type":"article","og_title":"Hotel offers & specials | Aedenlife Hotel & Resort R\u00fcgen","og_description":"Discover offers at Hotel Aedenlife R\u00fcgen: seasonal specials with overnight stays make your holiday on R\u00fcgen unforgettable.","og_url":"https:\/\/aedenlife-ruegen.com\/en\/offers\/","og_site_name":"Aedenlife Hotel und Resort","article_publisher":"https:\/\/www.facebook.com\/AEDENLIFE.Hotel.Resort.Ruegen","article_modified_time":"2026-02-02T15:49:43+00:00","twitter_card":"summary_large_image","twitter_misc":{"Est. reading time":"4 minutes"},"schema":{"@context":"https:\/\/schema.org","@graph":[{"@type":"WebPage","@id":"https:\/\/aedenlife-ruegen.com\/en\/offers\/","url":"https:\/\/aedenlife-ruegen.com\/en\/offers\/","name":"Hotel offers & specials | Aedenlife Hotel & Resort R\u00fcgen","isPartOf":{"@id":"https:\/\/aedenlife-ruegen.com\/en\/#website"},"datePublished":"2025-08-01T13:49:26+00:00","dateModified":"2026-02-02T15:49:43+00:00","description":"Discover offers at Hotel Aedenlife R\u00fcgen: seasonal specials with overnight stays make your holiday on R\u00fcgen unforgettable.","breadcrumb":{"@id":"https:\/\/aedenlife-ruegen.com\/en\/offers\/#breadcrumb"},"inLanguage":"en-US","potentialAction":[{"@type":"ReadAction","target":["https:\/\/aedenlife-ruegen.com\/en\/offers\/"]}]},{"@type":"BreadcrumbList","@id":"https:\/\/aedenlife-ruegen.com\/en\/offers\/#breadcrumb","itemListElement":[{"@type":"ListItem","position":1,"name":"Home","item":"https:\/\/aedenlife-ruegen.com\/en\/beach-hotel-sylt\/"},{"@type":"ListItem","position":2,"name":"Offers"}]},{"@type":"WebSite","@id":"https:\/\/aedenlife-ruegen.com\/en\/#website","url":"https:\/\/aedenlife-ruegen.com\/en\/","name":"Aedenlife Hotel und Resort","description":"","publisher":{"@id":"https:\/\/aedenlife-ruegen.com\/en\/#organization"},"potentialAction":[{"@type":"SearchAction","target":{"@type":"EntryPoint","urlTemplate":"https:\/\/aedenlife-ruegen.com\/en\/?s={search_term_string}"},"query-input":{"@type":"PropertyValueSpecification","valueRequired":true,"valueName":"search_term_string"}}],"inLanguage":"en-US"},{"@type":"Organization","@id":"https:\/\/aedenlife-ruegen.com\/en\/#organization","name":"Aedenlife Hotel und Resort","url":"https:\/\/aedenlife-ruegen.com\/en\/","logo":{"@type":"ImageObject","inLanguage":"en-US","@id":"https:\/\/aedenlife-ruegen.com\/en\/#\/schema\/logo\/image\/","url":"https:\/\/aedenlife-ruegen.com\/wp-content\/uploads\/2025\/11\/aedenlife-logo-schwarz-desktop-01.svg","contentUrl":"https:\/\/aedenlife-ruegen.com\/wp-content\/uploads\/2025\/11\/aedenlife-logo-schwarz-desktop-01.svg","width":"1024","height":"1024","caption":"Aedenlife Hotel und Resort"},"image":{"@id":"https:\/\/aedenlife-ruegen.com\/en\/#\/schema\/logo\/image\/"},"sameAs":["https:\/\/www.facebook.com\/AEDENLIFE.Hotel.Resort.Ruegen","https:\/\/www.instagram.com\/aedenlife.hotel.resort.ruegen\/"]}]}},"_links":{"self":[{"href":"https:\/\/aedenlife-ruegen.com\/en\/wp-json\/wp\/v2\/pages\/5295","targetHints":{"allow":["GET"]}}],"collection":[{"href":"https:\/\/aedenlife-ruegen.com\/en\/wp-json\/wp\/v2\/pages"}],"about":[{"href":"https:\/\/aedenlife-ruegen.com\/en\/wp-json\/wp\/v2\/types\/page"}],"author":[{"embeddable":true,"href":"https:\/\/aedenlife-ruegen.com\/en\/wp-json\/wp\/v2\/users\/2"}],"replies":[{"embeddable":true,"href":"https:\/\/aedenlife-ruegen.com\/en\/wp-json\/wp\/v2\/comments?post=5295"}],"version-history":[{"count":5,"href":"https:\/\/aedenlife-ruegen.com\/en\/wp-json\/wp\/v2\/pages\/5295\/revisions"}],"predecessor-version":[{"id":7577,"href":"https:\/\/aedenlife-ruegen.com\/en\/wp-json\/wp\/v2\/pages\/5295\/revisions\/7577"}],"wp:attachment":[{"href":"https:\/\/aedenlife-ruegen.com\/en\/wp-json\/wp\/v2\/media?parent=5295"}],"curies":[{"name":"wp","href":"https:\/\/api.w.org\/{rel}","templated":true}]}}